{"id":163,"date":"2021-05-07T10:16:24","date_gmt":"2021-05-07T10:16:24","guid":{"rendered":"http:\/\/www.zikzak.be\/?page_id=163"},"modified":"2021-05-19T19:23:18","modified_gmt":"2021-05-19T19:23:18","slug":"les-miserables","status":"publish","type":"page","link":"http:\/\/www.zikzak.be\/?page_id=163","title":{"rendered":"Les Mis\u00e9rables"},"content":{"rendered":"\n<p>Theater voorstelling : <strong>Les Mis\u00e9rables<\/strong> (1996)<\/p>\n\n\n\n<p>Creatieve regisseur en co\u00f6rdinator : <a rel=\"noreferrer noopener\" href=\"https:\/\/fa.wikipedia.org\/wiki\/\u0628\u0647\u0631\u0648\u0632_\u063a\u0631\u06cc\u0628%E2%80%8C\u067e\u0648\u0631\" target=\"_blank\">Behroeez Gharibpour <\/a><\/p>\n\n\n\n<p>De theater voorstelling &#8220;Les Mis\u00e9rables\u201d was een groot project met een klassieke uitvoering van het verhaal. De voorstelling is 6 maanden op het podium gebleven en elke avond waren de tickets uitverkocht. Aan dit theater namen veel bekende artiesten deel. <\/p>\n\n\n\n<figure class=\"wp-block-image size-large is-resized\"><img loading=\"lazy\" decoding=\"async\" src=\"http:\/\/www.zikzak.be\/wp-content\/uploads\/2021\/05\/binavayanee-1024x687.jpg\" alt=\"\" class=\"wp-image-164\" width=\"828\" height=\"555\" srcset=\"http:\/\/www.zikzak.be\/wp-content\/uploads\/2021\/05\/binavayanee-1024x687.jpg 1024w, http:\/\/www.zikzak.be\/wp-content\/uploads\/2021\/05\/binavayanee-300x201.jpg 300w, http:\/\/www.zikzak.be\/wp-content\/uploads\/2021\/05\/binavayanee-768x515.jpg 768w, http:\/\/www.zikzak.be\/wp-content\/uploads\/2021\/05\/binavayanee-1536x1031.jpg 1536w, http:\/\/www.zikzak.be\/wp-content\/uploads\/2021\/05\/binavayanee-1200x805.jpg 1200w, http:\/\/www.zikzak.be\/wp-content\/uploads\/2021\/05\/binavayanee-1980x1328.jpg 1980w, http:\/\/www.zikzak.be\/wp-content\/uploads\/2021\/05\/binavayanee.jpg 2048w\" sizes=\"auto, (max-width: 828px) 100vw, 828px\" \/><\/figure>\n","protected":false},"excerpt":{"rendered":"<p>Theater voorstelling : Les Mis\u00e9rables (1996) Creatieve regisseur en co\u00f6rdinator : Behroeez Gharibpour De theater voorstelling &#8220;Les Mis\u00e9rables\u201d was een groot project met een klassieke uitvoering van het verhaal. De<\/p>\n<p class=\"more-link\"><a href=\"http:\/\/www.zikzak.be\/?page_id=163\" class=\"readmore\">Continue reading<svg class=\"icon icon-arrow-right\" aria-hidden=\"true\" role=\"img\"> <use href=\"#icon-arrow-right\" xlink:href=\"#icon-arrow-right\"><\/use> <\/svg><span class=\"screen-reader-text\">Les Mis\u00e9rables<\/span><\/a><\/p>\n","protected":false},"author":1,"featured_media":164,"parent":0,"menu_order":0,"comment_status":"closed","ping_status":"closed","template":"","meta":{"footnotes":""},"class_list":["post-163","page","type-page","status-publish","has-post-thumbnail","hentry"],"_links":{"self":[{"href":"http:\/\/www.zikzak.be\/index.php?rest_route=\/wp\/v2\/pages\/163","targetHints":{"allow":["GET"]}}],"collection":[{"href":"http:\/\/www.zikzak.be\/index.php?rest_route=\/wp\/v2\/pages"}],"about":[{"href":"http:\/\/www.zikzak.be\/index.php?rest_route=\/wp\/v2\/types\/page"}],"author":[{"embeddable":true,"href":"http:\/\/www.zikzak.be\/index.php?rest_route=\/wp\/v2\/users\/1"}],"replies":[{"embeddable":true,"href":"http:\/\/www.zikzak.be\/index.php?rest_route=%2Fwp%2Fv2%2Fcomments&post=163"}],"version-history":[{"count":12,"href":"http:\/\/www.zikzak.be\/index.php?rest_route=\/wp\/v2\/pages\/163\/revisions"}],"predecessor-version":[{"id":787,"href":"http:\/\/www.zikzak.be\/index.php?rest_route=\/wp\/v2\/pages\/163\/revisions\/787"}],"wp:featuredmedia":[{"embeddable":true,"href":"http:\/\/www.zikzak.be\/index.php?rest_route=\/wp\/v2\/media\/164"}],"wp:attachment":[{"href":"http:\/\/www.zikzak.be\/index.php?rest_route=%2Fwp%2Fv2%2Fmedia&parent=163"}],"curies":[{"name":"wp","href":"https:\/\/api.w.org\/{rel}","templated":true}]}}